{"id":1940,"date":"2025-11-29T16:01:06","date_gmt":"2025-11-29T15:01:06","guid":{"rendered":"https:\/\/philippeparrinello.fr\/carnetdebord\/?page_id=1940"},"modified":"2025-11-29T16:01:06","modified_gmt":"2025-11-29T15:01:06","slug":"territoire","status":"publish","type":"page","link":"https:\/\/philippeparrinello.fr\/carnetdebord\/?page_id=1940","title":{"rendered":"Territoire"},"content":{"rendered":"<p>Je suis sculpteur<br \/>\nLe volume est pour moi une forme d\u2019alt\u00e9rit\u00e9 palpable, jouant d\u2019ombres et de lumi\u00e8res, prenant l\u2019espace, posant ses couleurs.<\/p>\n<p>Le bois, s\u2019est peu \u00e0 peu impos\u00e9 comme mati\u00e8re premi\u00e8re de mon travail. Je suis en empathie avec cette mati\u00e8re fibreuse, dure, noueuse, lisse ou rugueuse, \u00e0 la richesse surprenante, infinie. J\u2019en suis le fil pour y creuser, y tailler les corps d\u2019un monde imaginaire, marqu\u00e9s de fantasmes et d\u2019expressions po\u00e9tiques, parfois violentes, parfois douces\u2026.toujours reflet de mon int\u00e9riorit\u00e9.<\/p>\n<p>Archaobaroque<br \/>\nMes investigations plastiques ont plusieurs influences. Les grandes figures artistiques du 20\u00e8me si\u00e8cle tout comme les chamanes-artistes des premiers temps, les artisans m\u00e9di\u00e9vaux, les sculpteurs africains oubli\u00e9s, ou les doux dingues de l\u2019art brut.<\/p>\n<p>Des influences qui s\u2019inscrivent toujours dans le m\u00eame espace, dont mes bois sculpt\u00e9s, mes gravures, mes encres, mes dessins sont les jalons.<\/p>\n<p>Je revendique une esth\u00e9tique baroque.<br \/>\nL\u2019irr\u00e9gularit\u00e9, le foisonnement, la sensualit\u00e9, l\u2019\u00e9tranget\u00e9 voire l\u2019\u00e9sot\u00e9risme, mais aussi la violence, l\u2019expressivit\u00e9, et une certaine id\u00e9e de l\u2019humanisme marquent mon travail.<\/p>\n<p>Le sens de chaque \u0153uvre fait aussi une grande place \u00e0 l\u2019intuition du moment, engageant mon travail dans le quotidien du monde. Je ne con\u00e7ois pas le travail artistique comme compl\u00e8tement en marge des r\u00e9alit\u00e9s sociales, pour autant je ne fais pas de mon \u0153uvre un \u00e9tendard.<\/p>\n<p>Labyrinthe<br \/>\nJe ne mets jamais de date sur mes pi\u00e8ces.<br \/>\nIl n\u2019y a pas de progression logique ni chronologique entre mes cr\u00e9ations.<br \/>\nJe veux plut\u00f4t mettre en \u0153uvre, ce que j\u2019appelle une po\u00e9tique du jalon. Chacune de mes sculptures est un point de rep\u00e8re, li\u00e9 aux autres par ses attributs ou ses significations et cela en dehors de toutes logiques d\u2019avancement.<br \/>\nAinsi une \u0153uvre ancienne peut s\u2019accorder avec une plus r\u00e9cente et une sculpture en cours peut revenir sur une forme d\u00e9j\u00e0 utilis\u00e9e. Chacune de mes pi\u00e8ces est un point d\u2019acc\u00e8s, une entr\u00e9e possible sur mon territoire.<br \/>\nL\u2019image du labyrinthe est fr\u00e9quente chez moi. Elle symbolise la perte, mais aussi tous ces chemins possibles \u00e0 l\u2019int\u00e9rieur de mon travail. De la m\u00eame mani\u00e8re de nombreuses \u0153uvres sont marqu\u00e9es d\u2019une spirale, qui montre la voie vers un infini.<br \/>\nIl s\u2019agit pour moi d\u2019explorer ce territoire comme s\u2019il \u00e9tait un patrimoine cach\u00e9, que chaque jalon viendrait mettre en lumi\u00e8re.<\/p>\n<p>Ce sont mes corps de bois<br \/>\nUn territoire comme une mythologie imaginaire inspir\u00e9e de mythes, cosmogonies et l\u00e9gendes universelles.<br \/>\nUn territoire organis\u00e9 dans une continuit\u00e9 avec le r\u00e9el,<br \/>\nUn territoire dont les hommes et les femmes sont les protagonistes intimes.<\/p>\n<p>L\u2019art que je pratique est une m\u00e9canique autofictionnelle.<br \/>\nL\u2019action artistique nous m\u00eale au monde, celui du pass\u00e9, du pr\u00e9sent, peut-\u00eatre de l\u2019avenir.<br \/>\nLe territoire est le lieu de cette alchimie.<\/p>\n","protected":false},"excerpt":{"rendered":"<p>Je suis sculpteur Le volume est pour moi une forme d\u2019alt\u00e9rit\u00e9 palpable, jouant d\u2019ombres et de lumi\u00e8res, prenant l\u2019espace, posant ses couleurs. Le bois, s\u2019est peu \u00e0 peu impos\u00e9 comme mati\u00e8re premi\u00e8re de mon travail. Je suis en empathie avec &hellip; <a href=\"https:\/\/philippeparrinello.fr\/carnetdebord\/?page_id=1940\">Continuer la lecture <span class=\"meta-nav\">&rarr;<\/span><\/a><\/p>\n","protected":false},"author":1,"featured_media":0,"parent":0,"menu_order":0,"comment_status":"closed","ping_status":"closed","template":"","meta":{"footnotes":""},"class_list":["post-1940","page","type-page","status-publish","hentry"],"_links":{"self":[{"href":"https:\/\/philippeparrinello.fr\/carnetdebord\/index.php?rest_route=\/wp\/v2\/pages\/1940","targetHints":{"allow":["GET"]}}],"collection":[{"href":"https:\/\/philippeparrinello.fr\/carnetdebord\/index.php?rest_route=\/wp\/v2\/pages"}],"about":[{"href":"https:\/\/philippeparrinello.fr\/carnetdebord\/index.php?rest_route=\/wp\/v2\/types\/page"}],"author":[{"embeddable":true,"href":"https:\/\/philippeparrinello.fr\/carnetdebord\/index.php?rest_route=\/wp\/v2\/users\/1"}],"replies":[{"embeddable":true,"href":"https:\/\/philippeparrinello.fr\/carnetdebord\/index.php?rest_route=%2Fwp%2Fv2%2Fcomments&post=1940"}],"version-history":[{"count":1,"href":"https:\/\/philippeparrinello.fr\/carnetdebord\/index.php?rest_route=\/wp\/v2\/pages\/1940\/revisions"}],"predecessor-version":[{"id":1941,"href":"https:\/\/philippeparrinello.fr\/carnetdebord\/index.php?rest_route=\/wp\/v2\/pages\/1940\/revisions\/1941"}],"wp:attachment":[{"href":"https:\/\/philippeparrinello.fr\/carnetdebord\/index.php?rest_route=%2Fwp%2Fv2%2Fmedia&parent=1940"}],"curies":[{"name":"wp","href":"https:\/\/api.w.org\/{rel}","templated":true}]}}