{"id":1946,"date":"2025-11-30T19:16:00","date_gmt":"2025-11-30T18:16:00","guid":{"rendered":"https:\/\/philippeparrinello.fr\/carnetdebord\/?page_id=1946"},"modified":"2025-12-13T19:22:35","modified_gmt":"2025-12-13T18:22:35","slug":"a-propos","status":"publish","type":"page","link":"https:\/\/philippeparrinello.fr\/carnetdebord\/?page_id=1946","title":{"rendered":"A propos"},"content":{"rendered":"\n\t\t<style type=\"text\/css\">\n\t\t\t#gallery-1 {\n\t\t\t\tmargin: auto;\n\t\t\t}\n\t\t\t#gallery-1 .gallery-item {\n\t\t\t\tfloat: left;\n\t\t\t\tmargin-top: 10px;\n\t\t\t\ttext-align: center;\n\t\t\t\twidth: 100%;\n\t\t\t}\n\t\t\t#gallery-1 img {\n\t\t\t\tborder: 2px solid #cfcfcf;\n\t\t\t}\n\t\t\t#gallery-1 .gallery-caption {\n\t\t\t\tmargin-left: 0;\n\t\t\t}\n\t\t\t\/* see gallery_shortcode() in wp-includes\/media.php *\/\n\t\t<\/style>\n\t\t<div id='gallery-1' class='gallery galleryid-1946 gallery-columns-1 gallery-size-medium'><dl class='gallery-item'>\n\t\t\t<dt class='gallery-icon portrait'>\n\t\t\t\t<a href='https:\/\/philippeparrinello.fr\/carnetdebord\/?attachment_id=2304'><img loading=\"lazy\" decoding=\"async\" width=\"258\" height=\"300\" src=\"https:\/\/philippeparrinello.fr\/carnetdebord\/wp-content\/uploads\/2025\/12\/DSC_1614-258x300.jpg\" class=\"attachment-medium size-medium\" alt=\"\" srcset=\"https:\/\/philippeparrinello.fr\/carnetdebord\/wp-content\/uploads\/2025\/12\/DSC_1614-258x300.jpg 258w, https:\/\/philippeparrinello.fr\/carnetdebord\/wp-content\/uploads\/2025\/12\/DSC_1614-879x1024.jpg 879w, https:\/\/philippeparrinello.fr\/carnetdebord\/wp-content\/uploads\/2025\/12\/DSC_1614-768x894.jpg 768w, https:\/\/philippeparrinello.fr\/carnetdebord\/wp-content\/uploads\/2025\/12\/DSC_1614-1319x1536.jpg 1319w, https:\/\/philippeparrinello.fr\/carnetdebord\/wp-content\/uploads\/2025\/12\/DSC_1614.jpg 1362w\" sizes=\"auto, (max-width: 258px) 100vw, 258px\" \/><\/a>\n\t\t\t<\/dt><\/dl><br style=\"clear: both\" \/>\n\t\t<\/div>\n\n<p><strong>Parrinello Philippe<\/strong><br \/>\nN\u00e9 : Le 20 juillet 1967 \u00e0 Antony<br \/>\nFormations : Master d&rsquo;esth\u00e9tique Panth\u00e9on-Sorbonne 1992<br \/>\nTechnique : Sculpture, dessin, peinture.<br \/>\nStyle : Figuration Archao-Baroque<br \/>\nAdresse de l\u2019atelier : Atelier\/Galerie Philippe Parrinello, Saint Etienne du Bois en Vend\u00e9e<\/p>\n<p>Pr\u00e9sentation<br \/>\n\u201cMes corps de bois peuplent un territoire qui r\u00e9fl\u00e9chit le n\u00f4tre. Mes sculptures, mes dessins et mes peintures sont mes porte-paroles po\u00e9tiques et symboliques qui entrecroisent de nombreuses traditions artistiques. Pour comprendre mon univers, il faut s&rsquo;y plonger.\u201d<\/p>\n<p>Tourner autour d\u2019une pi\u00e8ce de <strong>Philippe Parrinello<\/strong>, c\u2019est entrer dans un monde. L\u2019artiste s\u2019appuie sur la rencontre avec le bois pour trouver la veine de ses r\u00e9cits. Si la graine se souvient de l\u2019arbre qu\u2019elle \u00e9tait, ici la sculpture n\u2019oublie pas l\u2019arbre qu\u2019elle a \u00e9t\u00e9. Sculpter ce n\u2019est pas que porter des coups ou les retenir, le corps \u00e0 corps commence dans le regard. Quelles histoires emprisonn\u00e9es sous l\u2019\u00e9corce va-t-il pouvoir lib\u00e9rer ?<\/p>\n<p>Son travail est expos\u00e9 en permanence \u00e0 <a href=\"http:\/\/ateliergalerie-philippeparrinello.fr\" target=\"_blank\">l\u2019Atelier\/Galerie Philippe Parrinello<\/a>.<br \/>\nVenez rencontrer son \u0153uvre et d\u00e9couvrir d\u2019autres propositions culturelles au sein d\u2019un logis vend\u00e9en \u00e0 Saint- \u00c9tienne du bois. Adresse et horaires d\u2019ouverture sur le site et sur RDV.<\/p>\n","protected":false},"excerpt":{"rendered":"<p>Parrinello Philippe N\u00e9 : Le 20 juillet 1967 \u00e0 Antony Formations : Master d&rsquo;esth\u00e9tique Panth\u00e9on-Sorbonne 1992 Technique : Sculpture, dessin, peinture. Style : Figuration Archao-Baroque Adresse de l\u2019atelier : Atelier\/Galerie Philippe Parrinello, Saint Etienne du Bois en Vend\u00e9e Pr\u00e9sentation \u201cMes &hellip; <a href=\"https:\/\/philippeparrinello.fr\/carnetdebord\/?page_id=1946\">Continuer la lecture <span class=\"meta-nav\">&rarr;<\/span><\/a><\/p>\n","protected":false},"author":1,"featured_media":0,"parent":0,"menu_order":0,"comment_status":"closed","ping_status":"closed","template":"","meta":{"footnotes":""},"class_list":["post-1946","page","type-page","status-publish","hentry"],"_links":{"self":[{"href":"https:\/\/philippeparrinello.fr\/carnetdebord\/index.php?rest_route=\/wp\/v2\/pages\/1946","targetHints":{"allow":["GET"]}}],"collection":[{"href":"https:\/\/philippeparrinello.fr\/carnetdebord\/index.php?rest_route=\/wp\/v2\/pages"}],"about":[{"href":"https:\/\/philippeparrinello.fr\/carnetdebord\/index.php?rest_route=\/wp\/v2\/types\/page"}],"author":[{"embeddable":true,"href":"https:\/\/philippeparrinello.fr\/carnetdebord\/index.php?rest_route=\/wp\/v2\/users\/1"}],"replies":[{"embeddable":true,"href":"https:\/\/philippeparrinello.fr\/carnetdebord\/index.php?rest_route=%2Fwp%2Fv2%2Fcomments&post=1946"}],"version-history":[{"count":11,"href":"https:\/\/philippeparrinello.fr\/carnetdebord\/index.php?rest_route=\/wp\/v2\/pages\/1946\/revisions"}],"predecessor-version":[{"id":2308,"href":"https:\/\/philippeparrinello.fr\/carnetdebord\/index.php?rest_route=\/wp\/v2\/pages\/1946\/revisions\/2308"}],"wp:attachment":[{"href":"https:\/\/philippeparrinello.fr\/carnetdebord\/index.php?rest_route=%2Fwp%2Fv2%2Fmedia&parent=1946"}],"curies":[{"name":"wp","href":"https:\/\/api.w.org\/{rel}","templated":true}]}}