{"id":1948,"date":"2025-11-30T19:17:39","date_gmt":"2025-11-30T18:17:39","guid":{"rendered":"https:\/\/philippeparrinello.fr\/carnetdebord\/?page_id=1948"},"modified":"2025-12-13T19:42:09","modified_gmt":"2025-12-13T18:42:09","slug":"galerie-video","status":"publish","type":"page","link":"https:\/\/philippeparrinello.fr\/carnetdebord\/?page_id=1948","title":{"rendered":"Galerie vid\u00e9o"},"content":{"rendered":"<p><strong>D\u00e9couvrez ici un aper\u00e7u des productions vid\u00e9os qui jalonnent mon territoire esth\u00e9tique.<\/strong><\/p>\n<p><div class=\"wp-playlist wp-video-playlist wp-playlist-light\">\n\t\t<video controls=\"controls\" preload=\"none\" width=\"562\"\n\t\t height=\"422\"\t><\/video>\n\t<div class=\"wp-playlist-next\"><\/div>\n\t<div class=\"wp-playlist-prev\"><\/div>\n\t<noscript>\n\t<ol>\n\t\t<li><a href='https:\/\/philippeparrinello.fr\/carnetdebord\/wp-content\/uploads\/2025\/01\/Latelier-du-SAIN-COIN.mp4'>L'atelier du SAIN-COIN<\/a><\/li><li><a href='https:\/\/philippeparrinello.fr\/carnetdebord\/wp-content\/uploads\/2023\/03\/fevrier-14-2023-migration.mp4'>f\u00e9vrier 14, 2023 migration<\/a><\/li><li><a href='https:\/\/philippeparrinello.fr\/carnetdebord\/wp-content\/uploads\/2022\/03\/Meme-pas-C.O.P.....mp4'>M\u00eame pas C.O.P....<\/a><\/li><li><a href='https:\/\/philippeparrinello.fr\/carnetdebord\/wp-content\/uploads\/2022\/01\/BESTIAIRE.mp4'>BESTIAIRE<\/a><\/li>\t<\/ol>\n\t<\/noscript>\n\t<script type=\"application\/json\" class=\"wp-playlist-script\">{\"type\":\"video\",\"tracklist\":true,\"tracknumbers\":true,\"images\":true,\"artists\":true,\"tracks\":[{\"src\":\"https:\/\/philippeparrinello.fr\/carnetdebord\/wp-content\/uploads\/2025\/01\/Latelier-du-SAIN-COIN.mp4\",\"type\":\"video\/mp4\",\"title\":\"L'atelier du SAIN-COIN\",\"caption\":\"\",\"description\":\"\",\"meta\":{\"length_formatted\":\"1:57\"},\"dimensions\":{\"original\":{\"width\":854,\"height\":480},\"resized\":{\"width\":562,\"height\":316}},\"image\":{\"src\":\"https:\/\/philippeparrinello.fr\/carnetdebord\/wp-includes\/images\/media\/video.svg\",\"width\":48,\"height\":64},\"thumb\":{\"src\":\"https:\/\/philippeparrinello.fr\/carnetdebord\/wp-includes\/images\/media\/video.svg\",\"width\":48,\"height\":64}},{\"src\":\"https:\/\/philippeparrinello.fr\/carnetdebord\/wp-content\/uploads\/2023\/03\/fevrier-14-2023-migration.mp4\",\"type\":\"video\/mp4\",\"title\":\"f\\u00e9vrier 14, 2023 migration\",\"caption\":\"\",\"description\":\"\",\"meta\":{\"length_formatted\":\"2:35\"},\"dimensions\":{\"original\":{\"width\":1920,\"height\":1080},\"resized\":{\"width\":562,\"height\":316}},\"image\":{\"src\":\"https:\/\/philippeparrinello.fr\/carnetdebord\/wp-includes\/images\/media\/video.svg\",\"width\":48,\"height\":64},\"thumb\":{\"src\":\"https:\/\/philippeparrinello.fr\/carnetdebord\/wp-includes\/images\/media\/video.svg\",\"width\":48,\"height\":64}},{\"src\":\"https:\/\/philippeparrinello.fr\/carnetdebord\/wp-content\/uploads\/2022\/03\/Meme-pas-C.O.P.....mp4\",\"type\":\"video\/mp4\",\"title\":\"M\\u00eame pas C.O.P....\",\"caption\":\"\",\"description\":\"\",\"meta\":{\"length_formatted\":\"3:03\"},\"dimensions\":{\"original\":{\"width\":1440,\"height\":1080},\"resized\":{\"width\":562,\"height\":422}},\"image\":{\"src\":\"https:\/\/philippeparrinello.fr\/carnetdebord\/wp-includes\/images\/media\/video.svg\",\"width\":48,\"height\":64},\"thumb\":{\"src\":\"https:\/\/philippeparrinello.fr\/carnetdebord\/wp-includes\/images\/media\/video.svg\",\"width\":48,\"height\":64}},{\"src\":\"https:\/\/philippeparrinello.fr\/carnetdebord\/wp-content\/uploads\/2022\/01\/BESTIAIRE.mp4\",\"type\":\"video\/mp4\",\"title\":\"BESTIAIRE\",\"caption\":\"\",\"description\":\"\",\"meta\":{\"length_formatted\":\"1:57\"},\"dimensions\":{\"original\":{\"width\":1440,\"height\":1080},\"resized\":{\"width\":562,\"height\":422}},\"image\":{\"src\":\"https:\/\/philippeparrinello.fr\/carnetdebord\/wp-includes\/images\/media\/video.svg\",\"width\":48,\"height\":64},\"thumb\":{\"src\":\"https:\/\/philippeparrinello.fr\/carnetdebord\/wp-includes\/images\/media\/video.svg\",\"width\":48,\"height\":64}}]}<\/script>\n<\/div>\n\t<br \/>\n<div class=\"wp-playlist wp-video-playlist wp-playlist-light\">\n\t\t<video controls=\"controls\" preload=\"none\" width=\"562\"\n\t\t height=\"422\"\t><\/video>\n\t<div class=\"wp-playlist-next\"><\/div>\n\t<div class=\"wp-playlist-prev\"><\/div>\n\t<noscript>\n\t<ol>\n\t\t<li><a href='https:\/\/philippeparrinello.fr\/carnetdebord\/wp-content\/uploads\/2022\/01\/Hommes-baton-serie-2.mp4'>Hommes baton serie 2<\/a><\/li><li><a href='https:\/\/philippeparrinello.fr\/carnetdebord\/wp-content\/uploads\/2021\/01\/Oeuvre-en-oeuvre.mp4'>Oeuvre en oeuvre<\/a><\/li><li><a href='https:\/\/philippeparrinello.fr\/carnetdebord\/wp-content\/uploads\/2020\/12\/Epoque-de-bruit-et-de-fureur-decembre-2020-verion-Moyenne.mp4'>Epoque de bruit et de fureur d\u00e9cembre 2020 (verion Moyenne)<\/a><\/li><li><a href='https:\/\/philippeparrinello.fr\/carnetdebord\/wp-content\/uploads\/2020\/12\/Confinement-dessin-PP-version-moyenne.mp4'>Confinement dessin PP (version moyenne)<\/a><\/li>\t<\/ol>\n\t<\/noscript>\n\t<script type=\"application\/json\" class=\"wp-playlist-script\">{\"type\":\"video\",\"tracklist\":true,\"tracknumbers\":true,\"images\":true,\"artists\":true,\"tracks\":[{\"src\":\"https:\/\/philippeparrinello.fr\/carnetdebord\/wp-content\/uploads\/2022\/01\/Hommes-baton-serie-2.mp4\",\"type\":\"video\/mp4\",\"title\":\"Hommes baton serie 2\",\"caption\":\"\",\"description\":\"\",\"meta\":{\"length_formatted\":\"2:26\"},\"dimensions\":{\"original\":{\"width\":1440,\"height\":1080},\"resized\":{\"width\":562,\"height\":422}},\"image\":{\"src\":\"https:\/\/philippeparrinello.fr\/carnetdebord\/wp-includes\/images\/media\/video.svg\",\"width\":48,\"height\":64},\"thumb\":{\"src\":\"https:\/\/philippeparrinello.fr\/carnetdebord\/wp-includes\/images\/media\/video.svg\",\"width\":48,\"height\":64}},{\"src\":\"https:\/\/philippeparrinello.fr\/carnetdebord\/wp-content\/uploads\/2021\/01\/Oeuvre-en-oeuvre.mp4\",\"type\":\"video\/mp4\",\"title\":\"Oeuvre en oeuvre\",\"caption\":\"\",\"description\":\"\",\"meta\":{\"length_formatted\":\"3:03\"},\"dimensions\":{\"original\":{\"width\":640,\"height\":480},\"resized\":{\"width\":562,\"height\":422}},\"image\":{\"src\":\"https:\/\/philippeparrinello.fr\/carnetdebord\/wp-includes\/images\/media\/video.svg\",\"width\":48,\"height\":64},\"thumb\":{\"src\":\"https:\/\/philippeparrinello.fr\/carnetdebord\/wp-includes\/images\/media\/video.svg\",\"width\":48,\"height\":64}},{\"src\":\"https:\/\/philippeparrinello.fr\/carnetdebord\/wp-content\/uploads\/2020\/12\/Epoque-de-bruit-et-de-fureur-decembre-2020-verion-Moyenne.mp4\",\"type\":\"video\/mp4\",\"title\":\"Epoque de bruit et de fureur d\\u00e9cembre 2020 (verion Moyenne)\",\"caption\":\"\",\"description\":\"\",\"meta\":{\"length_formatted\":\"3:39\"},\"dimensions\":{\"original\":{\"width\":640,\"height\":480},\"resized\":{\"width\":562,\"height\":422}},\"image\":{\"src\":\"https:\/\/philippeparrinello.fr\/carnetdebord\/wp-includes\/images\/media\/video.svg\",\"width\":48,\"height\":64},\"thumb\":{\"src\":\"https:\/\/philippeparrinello.fr\/carnetdebord\/wp-includes\/images\/media\/video.svg\",\"width\":48,\"height\":64}},{\"src\":\"https:\/\/philippeparrinello.fr\/carnetdebord\/wp-content\/uploads\/2020\/12\/Confinement-dessin-PP-version-moyenne.mp4\",\"type\":\"video\/mp4\",\"title\":\"Confinement dessin PP (version moyenne)\",\"caption\":\"\",\"description\":\"\",\"meta\":{\"length_formatted\":\"2:25\"},\"dimensions\":{\"original\":{\"width\":640,\"height\":480},\"resized\":{\"width\":562,\"height\":422}},\"image\":{\"src\":\"https:\/\/philippeparrinello.fr\/carnetdebord\/wp-includes\/images\/media\/video.svg\",\"width\":48,\"height\":64},\"thumb\":{\"src\":\"https:\/\/philippeparrinello.fr\/carnetdebord\/wp-includes\/images\/media\/video.svg\",\"width\":48,\"height\":64}}]}<\/script>\n<\/div>\n\t<br \/>\n<div class=\"wp-playlist wp-video-playlist wp-playlist-light\">\n\t\t<video controls=\"controls\" preload=\"none\" width=\"562\"\n\t\t height=\"316\"\t><\/video>\n\t<div class=\"wp-playlist-next\"><\/div>\n\t<div class=\"wp-playlist-prev\"><\/div>\n\t<noscript>\n\t<ol>\n\t\t<li><a href='https:\/\/philippeparrinello.fr\/carnetdebord\/wp-content\/uploads\/2020\/12\/4-couleurs-contre-le-carbone-version-moyenne.mp4'>4 couleurs contre le carbone (version moyenne)<\/a><\/li><li><a href='https:\/\/philippeparrinello.fr\/carnetdebord\/wp-content\/uploads\/2020\/12\/Femmes.mp4'>Femmes<\/a><\/li><li><a href='https:\/\/philippeparrinello.fr\/carnetdebord\/wp-content\/uploads\/2020\/05\/Totems-de-la-v\u00e9rit\u00e9.mp4'>Totems de la v\u00e9rit\u00e9<\/a><\/li><li><a href='https:\/\/philippeparrinello.fr\/carnetdebord\/wp-content\/uploads\/2020\/05\/Les-hommes-ailes-2.mp4'>Les hommes-ailes 2<\/a><\/li>\t<\/ol>\n\t<\/noscript>\n\t<script type=\"application\/json\" class=\"wp-playlist-script\">{\"type\":\"video\",\"tracklist\":true,\"tracknumbers\":true,\"images\":true,\"artists\":true,\"tracks\":[{\"src\":\"https:\/\/philippeparrinello.fr\/carnetdebord\/wp-content\/uploads\/2020\/12\/4-couleurs-contre-le-carbone-version-moyenne.mp4\",\"type\":\"video\/mp4\",\"title\":\"4 couleurs contre le carbone (version moyenne)\",\"caption\":\"\",\"description\":\"\",\"meta\":{\"length_formatted\":\"2:22\"},\"dimensions\":{\"original\":{\"width\":640,\"height\":480},\"resized\":{\"width\":562,\"height\":422}},\"image\":{\"src\":\"https:\/\/philippeparrinello.fr\/carnetdebord\/wp-includes\/images\/media\/video.svg\",\"width\":48,\"height\":64},\"thumb\":{\"src\":\"https:\/\/philippeparrinello.fr\/carnetdebord\/wp-includes\/images\/media\/video.svg\",\"width\":48,\"height\":64}},{\"src\":\"https:\/\/philippeparrinello.fr\/carnetdebord\/wp-content\/uploads\/2020\/12\/Femmes.mp4\",\"type\":\"video\/mp4\",\"title\":\"Femmes\",\"caption\":\"\",\"description\":\"\",\"meta\":{\"length_formatted\":\"1:30\"},\"dimensions\":{\"original\":{\"width\":1440,\"height\":1080},\"resized\":{\"width\":562,\"height\":422}},\"image\":{\"src\":\"https:\/\/philippeparrinello.fr\/carnetdebord\/wp-includes\/images\/media\/video.svg\",\"width\":48,\"height\":64},\"thumb\":{\"src\":\"https:\/\/philippeparrinello.fr\/carnetdebord\/wp-includes\/images\/media\/video.svg\",\"width\":48,\"height\":64}},{\"src\":\"https:\/\/philippeparrinello.fr\/carnetdebord\/wp-content\/uploads\/2020\/05\/Totems-de-la-v\\u00e9rit\\u00e9.mp4\",\"type\":\"video\/mp4\",\"title\":\"Totems de la v\\u00e9rit\\u00e9\",\"caption\":\"\",\"description\":\"\",\"meta\":{\"length_formatted\":\"5:23\"},\"dimensions\":{\"original\":{\"width\":854,\"height\":480},\"resized\":{\"width\":562,\"height\":316}},\"image\":{\"src\":\"https:\/\/philippeparrinello.fr\/carnetdebord\/wp-includes\/images\/media\/video.svg\",\"width\":48,\"height\":64},\"thumb\":{\"src\":\"https:\/\/philippeparrinello.fr\/carnetdebord\/wp-includes\/images\/media\/video.svg\",\"width\":48,\"height\":64}},{\"src\":\"https:\/\/philippeparrinello.fr\/carnetdebord\/wp-content\/uploads\/2020\/05\/Les-hommes-ailes-2.mp4\",\"type\":\"video\/mp4\",\"title\":\"Les hommes-ailes 2\",\"caption\":\"\",\"description\":\"\",\"meta\":{\"length_formatted\":\"1:56\"},\"dimensions\":{\"original\":{\"width\":1920,\"height\":1080},\"resized\":{\"width\":562,\"height\":316}},\"image\":{\"src\":\"https:\/\/philippeparrinello.fr\/carnetdebord\/wp-includes\/images\/media\/video.svg\",\"width\":48,\"height\":64},\"thumb\":{\"src\":\"https:\/\/philippeparrinello.fr\/carnetdebord\/wp-includes\/images\/media\/video.svg\",\"width\":48,\"height\":64}}]}<\/script>\n<\/div>\n\t<br \/>\n<div class=\"wp-playlist wp-video-playlist wp-playlist-light\">\n\t\t<video controls=\"controls\" preload=\"none\" width=\"562\"\n\t\t height=\"316\"\t><\/video>\n\t<div class=\"wp-playlist-next\"><\/div>\n\t<div class=\"wp-playlist-prev\"><\/div>\n\t<noscript>\n\t<ol>\n\t\t<li><a href='https:\/\/philippeparrinello.fr\/carnetdebord\/wp-content\/uploads\/2020\/01\/Larbre-le-film.mp4'>L'arbre le film<\/a><\/li><li><a href='https:\/\/philippeparrinello.fr\/carnetdebord\/wp-content\/uploads\/2018\/09\/Vraisemblance-visite-virtuelle-1.mp4'>Vraisemblance visite virtuelle<\/a><\/li>\t<\/ol>\n\t<\/noscript>\n\t<script type=\"application\/json\" class=\"wp-playlist-script\">{\"type\":\"video\",\"tracklist\":true,\"tracknumbers\":true,\"images\":true,\"artists\":true,\"tracks\":[{\"src\":\"https:\/\/philippeparrinello.fr\/carnetdebord\/wp-content\/uploads\/2020\/01\/Larbre-le-film.mp4\",\"type\":\"video\/mp4\",\"title\":\"L'arbre le film\",\"caption\":\"\",\"description\":\"\",\"meta\":{\"length_formatted\":\"4:18\"},\"dimensions\":{\"original\":{\"width\":854,\"height\":480},\"resized\":{\"width\":562,\"height\":316}},\"image\":{\"src\":\"https:\/\/philippeparrinello.fr\/carnetdebord\/wp-includes\/images\/media\/video.svg\",\"width\":48,\"height\":64},\"thumb\":{\"src\":\"https:\/\/philippeparrinello.fr\/carnetdebord\/wp-includes\/images\/media\/video.svg\",\"width\":48,\"height\":64}},{\"src\":\"https:\/\/philippeparrinello.fr\/carnetdebord\/wp-content\/uploads\/2018\/09\/Vraisemblance-visite-virtuelle-1.mp4\",\"type\":\"video\/mp4\",\"title\":\"Vraisemblance visite virtuelle\",\"caption\":\"\",\"description\":\"\",\"meta\":{\"length_formatted\":\"5:03\"},\"dimensions\":{\"original\":{\"width\":854,\"height\":480},\"resized\":{\"width\":562,\"height\":316}},\"image\":{\"src\":\"https:\/\/philippeparrinello.fr\/carnetdebord\/wp-includes\/images\/media\/video.svg\",\"width\":48,\"height\":64},\"thumb\":{\"src\":\"https:\/\/philippeparrinello.fr\/carnetdebord\/wp-includes\/images\/media\/video.svg\",\"width\":48,\"height\":64}}]}<\/script>\n<\/div>\n\t<\/p>\n","protected":false},"excerpt":{"rendered":"<p>D\u00e9couvrez ici un aper\u00e7u des productions vid\u00e9os qui jalonnent mon territoire esth\u00e9tique.<\/p>\n","protected":false},"author":1,"featured_media":0,"parent":0,"menu_order":0,"comment_status":"closed","ping_status":"closed","template":"","meta":{"footnotes":""},"class_list":["post-1948","page","type-page","status-publish","hentry"],"_links":{"self":[{"href":"https:\/\/philippeparrinello.fr\/carnetdebord\/index.php?rest_route=\/wp\/v2\/pages\/1948","targetHints":{"allow":["GET"]}}],"collection":[{"href":"https:\/\/philippeparrinello.fr\/carnetdebord\/index.php?rest_route=\/wp\/v2\/pages"}],"about":[{"href":"https:\/\/philippeparrinello.fr\/carnetdebord\/index.php?rest_route=\/wp\/v2\/types\/page"}],"author":[{"embeddable":true,"href":"https:\/\/philippeparrinello.fr\/carnetdebord\/index.php?rest_route=\/wp\/v2\/users\/1"}],"replies":[{"embeddable":true,"href":"https:\/\/philippeparrinello.fr\/carnetdebord\/index.php?rest_route=%2Fwp%2Fv2%2Fcomments&post=1948"}],"version-history":[{"count":12,"href":"https:\/\/philippeparrinello.fr\/carnetdebord\/index.php?rest_route=\/wp\/v2\/pages\/1948\/revisions"}],"predecessor-version":[{"id":2318,"href":"https:\/\/philippeparrinello.fr\/carnetdebord\/index.php?rest_route=\/wp\/v2\/pages\/1948\/revisions\/2318"}],"wp:attachment":[{"href":"https:\/\/philippeparrinello.fr\/carnetdebord\/index.php?rest_route=%2Fwp%2Fv2%2Fmedia&parent=1948"}],"curies":[{"name":"wp","href":"https:\/\/api.w.org\/{rel}","templated":true}]}}